{"id":707,"date":"2022-05-04T09:22:38","date_gmt":"2022-05-04T09:22:38","guid":{"rendered":"https:\/\/staging.liquid-themes.com\/arc-apartments-residence\/?page_id=707"},"modified":"2025-05-01T09:05:06","modified_gmt":"2025-05-01T09:05:06","slug":"biz-kimiz","status":"publish","type":"page","link":"https:\/\/homeward.com.tr\/de\/biz-kimiz\/","title":{"rendered":"Wer sind wir?"},"content":{"rendered":"<div data-elementor-type=\"wp-page\" data-elementor-id=\"707\" class=\"elementor elementor-707\">\n\t\t\t\t<div class=\"elementor-element elementor-element-a41ef39 e-flex e-con-boxed e-con e-parent\" data-id=\"a41ef39\" data-element_type=\"container\" data-settings=\"{&quot;background_background&quot;:&quot;classic&quot;}\">\n\t\t\t\t\t<div class=\"e-con-inner\">\n\t\t\t\t<div class=\"elementor-element elementor-element-fb36761 elementor-widget elementor-widget-spacer\" data-id=\"fb36761\" data-element_type=\"widget\" data-widget_type=\"spacer.default\">\n\t\t\t\t<div class=\"elementor-widget-container\">\n\t\t\t\t\t\t\t<div class=\"elementor-spacer\">\n\t\t\t<div class=\"elementor-spacer-inner\"><\/div>\n\t\t<\/div>\n\t\t\t\t\t\t<\/div>\n\t\t\t\t<\/div>\n\t\t\t\t<div class=\"elementor-element elementor-element-c68bf73 elementor-widget elementor-widget-hub_fancy_heading\" data-id=\"c68bf73\" data-element_type=\"widget\" data-widget_type=\"hub_fancy_heading.default\">\n\t\t\t\t<div class=\"elementor-widget-container\">\n\t\t\t\t\t\n\t\t<div id=\"ld-fancy-heading-6a035669c8409\" class=\"ld-fancy-heading pos-rel\">\n\t\t\t<h2 class=\"ld-fh-element d-inline-block pos-rel  elementor-heading-title lqd-highlight-classic lqd-highlight-grow-left h2\"  > Wer sind wir?<\/h2>\t\t<\/div>\n\n\t\t\t\t\t\t<\/div>\n\t\t\t\t<\/div>\n\t\t\t\t<div class=\"elementor-element elementor-element-7584369 elementor-widget elementor-widget-spacer\" data-id=\"7584369\" data-element_type=\"widget\" data-widget_type=\"spacer.default\">\n\t\t\t\t<div class=\"elementor-widget-container\">\n\t\t\t\t\t\t\t<div class=\"elementor-spacer\">\n\t\t\t<div class=\"elementor-spacer-inner\"><\/div>\n\t\t<\/div>\n\t\t\t\t\t\t<\/div>\n\t\t\t\t<\/div>\n\t\t\t\t\t<\/div>\n\t\t\t\t<\/div>\n\t\t\t\t<section class=\"elementor-section elementor-top-section elementor-element elementor-element-422eaa66 elementor-section-boxed elementor-section-height-default elementor-section-height-default\" data-id=\"422eaa66\" data-element_type=\"section\">\n\t\t\t\t\t\t<div class=\"elementor-container elementor-column-gap-extended\">\n\t\t\t\t\t<div class=\"elementor-column elementor-col-50 elementor-top-column elementor-element elementor-element-69387538\" data-id=\"69387538\" data-element_type=\"column\">\n\t\t\t<div class=\"elementor-widget-wrap elementor-element-populated\">\n\t\t\t\t\t\t<div class=\"elementor-element elementor-element-cd9c93 elementor-widget elementor-widget-ld_fancy_image\" data-id=\"cd9c93\" data-element_type=\"widget\" data-widget_type=\"ld_fancy_image.default\">\n\t\t\t\t<div class=\"elementor-widget-container\">\n\t\t\t\t\t\n\t\t\t<div class=\"lqd-imggrp-single d-inline-flex pos-rel align-items-center justify-content-center\"   >\n\n\t\t\t\t\n\t\t\t\t<div class=\"lqd-imggrp-img-container pos-rel\" >\n\n\t\t\t\t\t<figure\n\t\t\t\t\t\tclass=\"w-100 pos-rel\"\n\t\t\t\t\t\t\t\t\t\t\t\t\t\t\t\t\t>\n\t\t\t\t\t\t<img fetchpriority=\"high\" decoding=\"async\" width=\"648\" height=\"257\" src=\"https:\/\/homeward.com.tr\/wp-content\/uploads\/2022\/03\/HomewardHousingSystems-Logo.png\" class=\"attachment-full size-full wp-image-780\" alt=\"\" srcset=\"https:\/\/homeward.com.tr\/wp-content\/uploads\/2022\/03\/HomewardHousingSystems-Logo.png 648w, https:\/\/homeward.com.tr\/wp-content\/uploads\/2022\/03\/HomewardHousingSystems-Logo-300x119.png 300w, https:\/\/homeward.com.tr\/wp-content\/uploads\/2022\/03\/HomewardHousingSystems-Logo-600x238.png 600w, https:\/\/homeward.com.tr\/wp-content\/uploads\/2022\/03\/HomewardHousingSystems-Logo-18x7.png 18w\" sizes=\"(max-width: 648px) 100vw, 648px\" \/>\t\t\t\t\t\t\t\t\t\t\t\t\t\t\t\t\t\t\t\t\t\t\t\t\t\t\t\t\t\t\t\t\t\t\t\t\t\t\t\t\t\t\t\t\t\t\t<\/figure>\n\n\t\t\t\t<\/div>\n\t\t\t<\/div>\n\n\t\t\t\t\t\t<\/div>\n\t\t\t\t<\/div>\n\t\t\t\t<div class=\"elementor-element elementor-element-2bbffb94 elementor-widget elementor-widget-hub_fancy_heading\" data-id=\"2bbffb94\" data-element_type=\"widget\" data-widget_type=\"hub_fancy_heading.default\">\n\t\t\t\t<div class=\"elementor-widget-container\">\n\t\t\t\t\t\n\t\t<div id=\"ld-fancy-heading-6a035669c980b\" class=\"ld-fancy-heading pos-rel\">\n\t\t\t<p class=\"ld-fh-element d-inline-block pos-rel  lqd-highlight-classic lqd-highlight-grow-left p\"  > <b>Homeward Yap\u0131 Sistemleri<\/b> olarak, s\u00fcrd\u00fcr\u00fclebilir, dayan\u0131kl\u0131 ve yenilik\u00e7i yap\u0131 \u00e7\u00f6z\u00fcmleri sunarak modern ya\u015fam alanlar\u0131n\u0131 yeniden tan\u0131ml\u0131yoruz. 2008 y\u0131l\u0131nda <b> Orca Ekolojik Yap\u0131 <\/b>olarak sekt\u00f6re ad\u0131m att\u0131k ve o g\u00fcnden bu yana <b>ekolojik, sa\u011flam ve uzun \u00f6m\u00fcrl\u00fc yap\u0131lar <\/b> \u00fcretme misyonuyla \u00e7al\u0131\u015f\u0131yoruz.\n<\/p>\t\t<\/div>\n\n\t\t\t\t\t\t<\/div>\n\t\t\t\t<\/div>\n\t\t\t\t<div class=\"elementor-element elementor-element-353c8319 elementor-widget elementor-widget-hub_fancy_heading\" data-id=\"353c8319\" data-element_type=\"widget\" data-widget_type=\"hub_fancy_heading.default\">\n\t\t\t\t<div class=\"elementor-widget-container\">\n\t\t\t\t\t\n\t\t<div id=\"ld-fancy-heading-6a035669c9d2c\" class=\"ld-fancy-heading pos-rel\">\n\t\t\t<p class=\"ld-fh-element d-inline-block pos-rel  lqd-highlight-classic lqd-highlight-grow-left p\"  > Y\u0131llar i\u00e7inde geli\u015ftirdi\u011fimiz <b> 10\u2019dan fazla patentli teknoloji <\/b> ile sekt\u00f6re y\u00f6n verirken, T\u00fcrkiye\u2019nin ilk <b>Alman Pasif Ev Standartlar\u0131na<\/b> uygun yap\u0131lar\u0131ndan baz\u0131lar\u0131n\u0131 tasarlayarak s\u00fcrd\u00fcr\u00fclebilir mimaride \u00f6nc\u00fc olduk. Bug\u00fcn, <b>Homeward Yap\u0131 Sistemleri <\/b>markas\u0131 alt\u0131nda bilgi birikimimizi ve yenilik\u00e7i yakla\u015f\u0131mlar\u0131m\u0131z\u0131 daha ileriye ta\u015f\u0131yoruz.\n\n<\/p>\t\t<\/div>\n\n\t\t\t\t\t\t<\/div>\n\t\t\t\t<\/div>\n\t\t\t\t<div class=\"elementor-element elementor-element-d6168ef elementor-widget elementor-widget-hub_fancy_heading\" data-id=\"d6168ef\" data-element_type=\"widget\" data-widget_type=\"hub_fancy_heading.default\">\n\t\t\t\t<div class=\"elementor-widget-container\">\n\t\t\t\t\t\n\t\t<div id=\"ld-fancy-heading-6a035669ca206\" class=\"ld-fancy-heading pos-rel\">\n\t\t\t<h2 class=\"ld-fh-element d-inline-block pos-rel  elementor-heading-title lqd-highlight-classic lqd-highlight-grow-left h2\"  >  Neden Homeward?<\/h2>\t\t<\/div>\n\n\t\t\t\t\t\t<\/div>\n\t\t\t\t<\/div>\n\t\t\t\t<div class=\"elementor-element elementor-element-6af136af elementor-widget elementor-widget-ld_tabs\" data-id=\"6af136af\" data-element_type=\"widget\" data-widget_type=\"ld_tabs.default\">\n\t\t\t\t<div class=\"elementor-widget-container\">\n\t\t\t\t\t\t\t<div class=\"lqd-tabs lqd-tabs-style-4 lqd-tabs-nav-iconbox lqd-tabs-nav-icon-inline d-flex flex-wrap lqd-tabs-nav-items-not-expanded 6af136af lqd-nav-underline-\" data-tabs-options='{\"trigger\":\"click\"}'>\n\t\t\n\t\t\t<nav class=\"lqd-tabs-nav-wrap\">\n\t\t\t\t<ul class=\"reset-ul lqd-tabs-nav d-flex flex-column  pos-rel\" role=\"tablist\"><li data-controls=\"lqd-tab-1791\" role=\"presentation\" class=\"elementor-repeater-item-a912e67 active font-weight-medium\"><a class=\"d-block pt-3 pb-3 border-radius-4\" href=\"#lqd-tab-1791\" aria-expanded=\"false\" aria-controls=\"lqd-tab-1791\" role=\"tab\" data-toggle=\"tab\"><span class=\"lqd-tabs-nav-icon-icon d-inline-flex align-items-center justify-content-center me-5 border-radius-circle\"><svg aria-hidden=\"true\" class=\"e-font-icon-svg e-far-copyright\" viewbox=\"0 0 512 512\" xmlns=\"http:\/\/www.w3.org\/2000\/svg\"><path d=\"M256 8C119.033 8 8 119.033 8 256s111.033 248 248 248 248-111.033 248-248S392.967 8 256 8zm0 448c-110.532 0-200-89.451-200-200 0-110.531 89.451-200 200-200 110.532 0 200 89.451 200 200 0 110.532-89.451 200-200 200zm107.351-101.064c-9.614 9.712-45.53 41.396-104.065 41.396-82.43 0-140.484-61.425-140.484-141.567 0-79.152 60.275-139.401 139.762-139.401 55.531 0 88.738 26.62 97.593 34.779a11.965 11.965 0 0 1 1.936 15.322l-18.155 28.113c-3.841 5.95-11.966 7.282-17.499 2.921-8.595-6.776-31.814-22.538-61.708-22.538-48.303 0-77.916 35.33-77.916 80.082 0 41.589 26.888 83.692 78.277 83.692 32.657 0 56.843-19.039 65.726-27.225 5.27-4.857 13.596-4.039 17.82 1.738l19.865 27.17a11.947 11.947 0 0 1-1.152 15.518z\"><\/path><\/svg><\/span><span class=\"lqd-tabs-nav-txt\">Patentli \u00c7\u00f6z\u00fcmler<\/span><\/a><\/li><li data-controls=\"lqd-tab-1792\" role=\"presentation\" class=\"elementor-repeater-item-b770518 font-weight-medium\"><a class=\"d-block pt-3 pb-3 border-radius-4\" href=\"#lqd-tab-1792\" aria-expanded=\"false\" aria-controls=\"lqd-tab-1792\" role=\"tab\" data-toggle=\"tab\"><span class=\"lqd-tabs-nav-icon-icon d-inline-flex align-items-center justify-content-center me-5 border-radius-circle\"><svg aria-hidden=\"true\" class=\"e-font-icon-svg e-far-calendar-check\" viewbox=\"0 0 448 512\" xmlns=\"http:\/\/www.w3.org\/2000\/svg\"><path d=\"M400 64h-48V12c0-6.627-5.373-12-12-12h-40c-6.627 0-12 5.373-12 12v52H160V12c0-6.627-5.373-12-12-12h-40c-6.627 0-12 5.373-12 12v52H48C21.49 64 0 85.49 0 112v352c0 26.51 21.49 48 48 48h352c26.51 0 48-21.49 48-48V112c0-26.51-21.49-48-48-48zm-6 400H54a6 6 0 0 1-6-6V160h352v298a6 6 0 0 1-6 6zm-52.849-200.65L198.842 404.519c-4.705 4.667-12.303 4.637-16.971-.068l-75.091-75.699c-4.667-4.705-4.637-12.303.068-16.971l22.719-22.536c4.705-4.667 12.303-4.637 16.97.069l44.104 44.461 111.072-110.181c4.705-4.667 12.303-4.637 16.971.068l22.536 22.718c4.667 4.705 4.636 12.303-.069 16.97z\"><\/path><\/svg><\/span><span class=\"lqd-tabs-nav-txt\">Uzun \u00d6m\u00fcrl\u00fc Yap\u0131lar<\/span><\/a><\/li><li data-controls=\"lqd-tab-1793\" role=\"presentation\" class=\"elementor-repeater-item-0c95a9c font-weight-medium\"><a class=\"d-block pt-3 pb-3 border-radius-4\" href=\"#lqd-tab-1793\" aria-expanded=\"false\" aria-controls=\"lqd-tab-1793\" role=\"tab\" data-toggle=\"tab\"><span class=\"lqd-tabs-nav-icon-icon d-inline-flex align-items-center justify-content-center me-5 border-radius-circle\"><svg aria-hidden=\"true\" class=\"e-font-icon-svg e-fas-robot\" viewbox=\"0 0 640 512\" xmlns=\"http:\/\/www.w3.org\/2000\/svg\"><path d=\"M32,224H64V416H32A31.96166,31.96166,0,0,1,0,384V256A31.96166,31.96166,0,0,1,32,224Zm512-48V448a64.06328,64.06328,0,0,1-64,64H160a64.06328,64.06328,0,0,1-64-64V176a79.974,79.974,0,0,1,80-80H288V32a32,32,0,0,1,64,0V96H464A79.974,79.974,0,0,1,544,176ZM264,256a40,40,0,1,0-40,40A39.997,39.997,0,0,0,264,256Zm-8,128H192v32h64Zm96,0H288v32h64ZM456,256a40,40,0,1,0-40,40A39.997,39.997,0,0,0,456,256Zm-8,128H384v32h64ZM640,256V384a31.96166,31.96166,0,0,1-32,32H576V224h32A31.96166,31.96166,0,0,1,640,256Z\"><\/path><\/svg><\/span><span class=\"lqd-tabs-nav-txt\">End\u00fcstri 4.0 &amp; Robotik \u00dcretim<\/span><\/a><\/li><li data-controls=\"lqd-tab-1794\" role=\"presentation\" class=\"elementor-repeater-item-709079f font-weight-medium\"><a class=\"d-block pt-3 pb-3 border-radius-4\" href=\"#lqd-tab-1794\" aria-expanded=\"false\" aria-controls=\"lqd-tab-1794\" role=\"tab\" data-toggle=\"tab\"><span class=\"lqd-tabs-nav-icon-icon d-inline-flex align-items-center justify-content-center me-5 border-radius-circle\"><svg aria-hidden=\"true\" class=\"e-font-icon-svg e-fas-recycle\" viewbox=\"0 0 512 512\" xmlns=\"http:\/\/www.w3.org\/2000\/svg\"><path d=\"M184.561 261.903c3.232 13.997-12.123 24.635-24.068 17.168l-40.736-25.455-50.867 81.402C55.606 356.273 70.96 384 96.012 384H148c6.627 0 12 5.373 12 12v40c0 6.627-5.373 12-12 12H96.115c-75.334 0-121.302-83.048-81.408-146.88l50.822-81.388-40.725-25.448c-12.081-7.547-8.966-25.961 4.879-29.158l110.237-25.45c8.611-1.988 17.201 3.381 19.189 11.99l25.452 110.237zm98.561-182.915l41.289 66.076-40.74 25.457c-12.051 7.528-9 25.953 4.879 29.158l110.237 25.45c8.672 1.999 17.215-3.438 19.189-11.99l25.45-110.237c3.197-13.844-11.99-24.719-24.068-17.168l-40.687 25.424-41.263-66.082c-37.521-60.033-125.209-60.171-162.816 0l-17.963 28.766c-3.51 5.62-1.8 13.021 3.82 16.533l33.919 21.195c5.62 3.512 13.024 1.803 16.536-3.817l17.961-28.743c12.712-20.341 41.973-19.676 54.257-.022zM497.288 301.12l-27.515-44.065c-3.511-5.623-10.916-7.334-16.538-3.821l-33.861 21.159c-5.62 3.512-7.33 10.915-3.818 16.536l27.564 44.112c13.257 21.211-2.057 48.96-27.136 48.96H320V336.02c0-14.213-17.242-21.383-27.313-11.313l-80 79.981c-6.249 6.248-6.249 16.379 0 22.627l80 79.989C302.689 517.308 320 510.3 320 495.989V448h95.88c75.274 0 121.335-82.997 81.408-146.88z\"><\/path><\/svg><\/span><span class=\"lqd-tabs-nav-txt\">S\u00fcrd\u00fcr\u00fclebilir ve Ekolojik<\/span><\/a><\/li><li data-controls=\"lqd-tab-1795\" role=\"presentation\" class=\"elementor-repeater-item-a273e1b font-weight-medium\"><a class=\"d-block pt-3 pb-3 border-radius-4\" href=\"#lqd-tab-1795\" aria-expanded=\"false\" aria-controls=\"lqd-tab-1795\" role=\"tab\" data-toggle=\"tab\"><span class=\"lqd-tabs-nav-icon-icon d-inline-flex align-items-center justify-content-center me-5 border-radius-circle\"><svg aria-hidden=\"true\" class=\"e-font-icon-svg e-fas-business-time\" viewbox=\"0 0 640 512\" xmlns=\"http:\/\/www.w3.org\/2000\/svg\"><path d=\"M496 224c-79.59 0-144 64.41-144 144s64.41 144 144 144 144-64.41 144-144-64.41-144-144-144zm64 150.29c0 5.34-4.37 9.71-9.71 9.71h-60.57c-5.34 0-9.71-4.37-9.71-9.71v-76.57c0-5.34 4.37-9.71 9.71-9.71h12.57c5.34 0 9.71 4.37 9.71 9.71V352h38.29c5.34 0 9.71 4.37 9.71 9.71v12.58zM496 192c5.4 0 10.72.33 16 .81V144c0-25.6-22.4-48-48-48h-80V48c0-25.6-22.4-48-48-48H176c-25.6 0-48 22.4-48 48v48H48c-25.6 0-48 22.4-48 48v80h395.12c28.6-20.09 63.35-32 100.88-32zM320 96H192V64h128v32zm6.82 224H208c-8.84 0-16-7.16-16-16v-48H0v144c0 25.6 22.4 48 48 48h291.43C327.1 423.96 320 396.82 320 368c0-16.66 2.48-32.72 6.82-48z\"><\/path><\/svg><\/span><span class=\"lqd-tabs-nav-txt\">H\u0131zl\u0131 ve Mod\u00fcler \u00c7\u00f6z\u00fcmler<\/span><\/a><\/li><\/ul>\t\t\t\t \n\t\t\t<\/nav>\n\t\t\n\t\t\t<div class=\"lqd-tabs-content ps-5 pos-rel\"><div id=\"lqd-tab-1791\" role=\"tabpanel\" class=\"lqd-tabs-pane fade active in\"><p>10\u2019dan fazla patentle sekt\u00f6rde \u00f6nc\u00fcy\u00fcz.<\/p> <\/div><div id=\"lqd-tab-1792\" role=\"tabpanel\" class=\"lqd-tabs-pane fade\"><p>Korozyona dayan\u0131kl\u0131 galvaniz \u00e7elik ve al\u00fcminyum kullan\u0131yoruz.<\/p> <\/div><div id=\"lqd-tab-1793\" role=\"tabpanel\" class=\"lqd-tabs-pane fade\"><p>Tam otomasyonlu \u00fcretim sistemlerimizle y\u00fcksek hassasiyet sunuyoruz.<\/p> <\/div><div id=\"lqd-tab-1794\" role=\"tabpanel\" class=\"lqd-tabs-pane fade\"><p>\u00c7evre dostu, geri d\u00f6n\u00fc\u015ft\u00fcr\u00fclebilir malzemelerle \u00fcretim yap\u0131yoruz.<\/p> <\/div><div id=\"lqd-tab-1795\" role=\"tabpanel\" class=\"lqd-tabs-pane fade\"><p>Pratik kurulum ve \u00f6zelle\u015ftirilebilir tasar\u0131mlar sunuyoruz.<\/p> <\/div><\/div>\t\t\n\t\t<\/div>\n\t\t\t\t\t<\/div>\n\t\t\t\t<\/div>\n\t\t\t\t\t<\/div>\n\t\t<\/div>\n\t\t\t\t<div class=\"lqd-css-sticky-column elementor-column elementor-col-50 elementor-top-column elementor-element elementor-element-48b01320\" style=\"--lqd-sticky-offset:30px\" data-id=\"48b01320\" data-element_type=\"column\">\n\t\t\t<div class=\"elementor-widget-wrap elementor-element-populated\">\n\t\t\t\t\t\t<section class=\"elementor-section elementor-inner-section elementor-element elementor-element-2dc56eb5 elementor-section-boxed elementor-section-height-default elementor-section-height-default\" data-id=\"2dc56eb5\" data-element_type=\"section\" data-settings=\"{&quot;background_background&quot;:&quot;classic&quot;}\">\n\t\t\t\t\t\t<div class=\"elementor-container elementor-column-gap-default\">\n\t\t\t\t\t<div class=\"elementor-column elementor-col-100 elementor-inner-column elementor-element elementor-element-35a5789a\" data-id=\"35a5789a\" data-element_type=\"column\" data-settings=\"{&quot;background_background&quot;:&quot;classic&quot;}\">\n\t\t\t<div class=\"elementor-widget-wrap elementor-element-populated\">\n\t\t\t\t\t\t<div class=\"elementor-element elementor-element-37140623 elementor-widget elementor-widget-hub_fancy_heading\" data-id=\"37140623\" data-element_type=\"widget\" data-widget_type=\"hub_fancy_heading.default\">\n\t\t\t\t<div class=\"elementor-widget-container\">\n\t\t\t\t\t\n\t\t<div id=\"ld-fancy-heading-6a035669d0735\" class=\"ld-fancy-heading pos-rel\">\n\t\t\t<h6 class=\"ld-fh-element d-inline-block pos-rel  elementor-heading-title lqd-highlight-classic lqd-highlight-grow-left h6\"  > Bize ula\u015f\u0131n<\/h6>\t\t<\/div>\n\n\t\t\t\t\t\t<\/div>\n\t\t\t\t<\/div>\n\t\t\t\t<div class=\"elementor-element elementor-element-5add4773 elementor-widget elementor-widget-hub_fancy_heading\" data-id=\"5add4773\" data-element_type=\"widget\" data-widget_type=\"hub_fancy_heading.default\">\n\t\t\t\t<div class=\"elementor-widget-container\">\n\t\t\t\t\t\n\t\t<div id=\"ld-fancy-heading-6a035669d0c38\" class=\"ld-fancy-heading pos-rel\">\n\t\t\t<h2 class=\"ld-fh-element d-inline-block pos-rel  elementor-heading-title lqd-highlight-classic lqd-highlight-grow-left h2\"  > Kontakt<\/h2>\t\t<\/div>\n\n\t\t\t\t\t\t<\/div>\n\t\t\t\t<\/div>\n\t\t\t\t<div class=\"elementor-element elementor-element-6321a99e elementor-widget elementor-widget-hub_fancy_heading\" data-id=\"6321a99e\" data-element_type=\"widget\" data-widget_type=\"hub_fancy_heading.default\">\n\t\t\t\t<div class=\"elementor-widget-container\">\n\t\t\t\t\t\n\t\t<div id=\"ld-fancy-heading-6a035669d10ad\" class=\"ld-fancy-heading pos-rel\">\n\t\t\t<p class=\"ld-fh-element d-inline-block pos-rel  lqd-highlight-classic lqd-highlight-grow-left p\"  >  Siz de do\u011fayla uyumlu, sa\u011flam ve yenilik\u00e7i ya\u015fam alanlar\u0131yla tan\u0131\u015fmak i\u00e7in bizimle ileti\u015fime ge\u00e7in. <\/p>\t\t<\/div>\n\n\t\t\t\t\t\t<\/div>\n\t\t\t\t<\/div>\n\t\t\t\t\t<\/div>\n\t\t<\/div>\n\t\t\t\t<div class=\"elementor-column elementor-col-100 elementor-inner-column elementor-element elementor-element-3e5ef5d\" data-id=\"3e5ef5d\" data-element_type=\"column\" data-settings=\"{&quot;background_background&quot;:&quot;classic&quot;}\">\n\t\t\t<div class=\"elementor-widget-wrap elementor-element-populated\">\n\t\t\t\t\t\t<div class=\"elementor-element elementor-element-411e7ba2 elementor-widget__width-auto elementor-widget elementor-widget-hub_fancy_heading\" data-id=\"411e7ba2\" data-element_type=\"widget\" data-widget_type=\"hub_fancy_heading.default\">\n\t\t\t\t<div class=\"elementor-widget-container\">\n\t\t\t\t\t\n\t\t<div id=\"ld-fancy-heading-6a035669d1512\" class=\"ld-fancy-heading pos-rel\">\n\t\t\t<h6 class=\"ld-fh-element d-inline-block pos-rel  elementor-heading-title lqd-highlight-classic lqd-highlight-grow-left h6\"  > E-Posta<\/h6>\t\t<\/div>\n\n\t\t\t\t\t\t<\/div>\n\t\t\t\t<\/div>\n\t\t\t\t<div class=\"elementor-element elementor-element-15ad99df elementor-widget__width-auto elementor-widget elementor-widget-hub_fancy_heading\" data-id=\"15ad99df\" data-element_type=\"widget\" data-widget_type=\"hub_fancy_heading.default\">\n\t\t\t\t<div class=\"elementor-widget-container\">\n\t\t\t\t\t\n\t\t<div id=\"ld-fancy-heading-6a035669d198b\" class=\"ld-fancy-heading pos-rel\">\n\t\t\t<h4 class=\"ld-fh-element d-inline-block pos-rel  elementor-heading-title lqd-highlight-classic lqd-highlight-grow-left h4\"  > info@homeward.com.tr\n<\/h4>\t\t<\/div>\n\n\t\t\t\t\t\t<\/div>\n\t\t\t\t<\/div>\n\t\t\t\t\t<\/div>\n\t\t<\/div>\n\t\t\t\t<div class=\"elementor-column elementor-col-100 elementor-inner-column elementor-element elementor-element-59e002f0\" data-id=\"59e002f0\" data-element_type=\"column\" data-settings=\"{&quot;background_background&quot;:&quot;classic&quot;}\">\n\t\t\t<div class=\"elementor-widget-wrap elementor-element-populated\">\n\t\t\t\t\t\t<div class=\"elementor-element elementor-element-7eedfbf8 elementor-widget__width-auto elementor-widget elementor-widget-hub_fancy_heading\" data-id=\"7eedfbf8\" data-element_type=\"widget\" data-widget_type=\"hub_fancy_heading.default\">\n\t\t\t\t<div class=\"elementor-widget-container\">\n\t\t\t\t\t\n\t\t<div id=\"ld-fancy-heading-6a035669d1df0\" class=\"ld-fancy-heading pos-rel\">\n\t\t\t<h6 class=\"ld-fh-element d-inline-block pos-rel  elementor-heading-title lqd-highlight-classic lqd-highlight-grow-left h6\"  > Telefon<\/h6>\t\t<\/div>\n\n\t\t\t\t\t\t<\/div>\n\t\t\t\t<\/div>\n\t\t\t\t<div class=\"elementor-element elementor-element-1e311da9 elementor-widget__width-auto elementor-widget elementor-widget-hub_fancy_heading\" data-id=\"1e311da9\" data-element_type=\"widget\" data-widget_type=\"hub_fancy_heading.default\">\n\t\t\t\t<div class=\"elementor-widget-container\">\n\t\t\t\t\t\n\t\t<div id=\"ld-fancy-heading-6a035669d225d\" class=\"ld-fancy-heading pos-rel\">\n\t\t\t<h4 class=\"ld-fh-element d-inline-block pos-rel  elementor-heading-title lqd-highlight-classic lqd-highlight-grow-left h4\"  > 0212 942 76 00<\/h4>\t\t<\/div>\n\n\t\t\t\t\t\t<\/div>\n\t\t\t\t<\/div>\n\t\t\t\t\t<\/div>\n\t\t<\/div>\n\t\t\t\t<div class=\"elementor-column elementor-col-100 elementor-inner-column elementor-element elementor-element-543c47e0\" data-id=\"543c47e0\" data-element_type=\"column\" data-settings=\"{&quot;background_background&quot;:&quot;classic&quot;}\">\n\t\t\t<div class=\"elementor-widget-wrap elementor-element-populated\">\n\t\t\t\t\t\t<div class=\"elementor-element elementor-element-4d6617fd elementor-shape-circle e-grid-align-left elementor-grid-0 elementor-widget elementor-widget-social-icons\" data-id=\"4d6617fd\" data-element_type=\"widget\" data-widget_type=\"social-icons.default\">\n\t\t\t\t<div class=\"elementor-widget-container\">\n\t\t\t\t\t\t\t<div class=\"elementor-social-icons-wrapper elementor-grid\">\n\t\t\t\t\t\t\t<span class=\"elementor-grid-item\">\n\t\t\t\t\t<a class=\"elementor-icon elementor-social-icon elementor-social-icon-linkedin elementor-repeater-item-62de3a2\" href=\"#\" target=\"_blank\">\n\t\t\t\t\t\t<span class=\"elementor-screen-only\">Linkedin<\/span>\n\t\t\t\t\t\t<svg class=\"e-font-icon-svg e-fab-linkedin\" viewbox=\"0 0 448 512\" xmlns=\"http:\/\/www.w3.org\/2000\/svg\"><path d=\"M416 32H31.9C14.3 32 0 46.5 0 64.3v383.4C0 465.5 14.3 480 31.9 480H416c17.6 0 32-14.5 32-32.3V64.3c0-17.8-14.4-32.3-32-32.3zM135.4 416H69V202.2h66.5V416zm-33.2-243c-21.3 0-38.5-17.3-38.5-38.5S80.9 96 102.2 96c21.2 0 38.5 17.3 38.5 38.5 0 21.3-17.2 38.5-38.5 38.5zm282.1 243h-66.4V312c0-24.8-.5-56.7-34.5-56.7-34.6 0-39.9 27-39.9 54.9V416h-66.4V202.2h63.7v29.2h.9c8.9-16.8 30.6-34.5 62.9-34.5 67.2 0 79.7 44.3 79.7 101.9V416z\"><\/path><\/svg>\t\t\t\t\t<\/a>\n\t\t\t\t<\/span>\n\t\t\t\t\t\t\t<span class=\"elementor-grid-item\">\n\t\t\t\t\t<a class=\"elementor-icon elementor-social-icon elementor-social-icon-x-twitter elementor-repeater-item-d294e2f\" href=\"#\" target=\"_blank\">\n\t\t\t\t\t\t<span class=\"elementor-screen-only\">X-twitter<\/span>\n\t\t\t\t\t\t<svg class=\"e-font-icon-svg e-fab-x-twitter\" viewbox=\"0 0 512 512\" xmlns=\"http:\/\/www.w3.org\/2000\/svg\"><path d=\"M389.2 48h70.6L305.6 224.2 487 464H345L233.7 318.6 106.5 464H35.8L200.7 275.5 26.8 48H172.4L272.9 180.9 389.2 48zM364.4 421.8h39.1L151.1 88h-42L364.4 421.8z\"><\/path><\/svg>\t\t\t\t\t<\/a>\n\t\t\t\t<\/span>\n\t\t\t\t\t\t\t<span class=\"elementor-grid-item\">\n\t\t\t\t\t<a class=\"elementor-icon elementor-social-icon elementor-social-icon-instagram elementor-repeater-item-aa2c723\" href=\"#\" target=\"_blank\">\n\t\t\t\t\t\t<span class=\"elementor-screen-only\">Instagram<\/span>\n\t\t\t\t\t\t<svg class=\"e-font-icon-svg e-fab-instagram\" viewbox=\"0 0 448 512\" xmlns=\"http:\/\/www.w3.org\/2000\/svg\"><path d=\"M224.1 141c-63.6 0-114.9 51.3-114.9 114.9s51.3 114.9 114.9 114.9S339 319.5 339 255.9 287.7 141 224.1 141zm0 189.6c-41.1 0-74.7-33.5-74.7-74.7s33.5-74.7 74.7-74.7 74.7 33.5 74.7 74.7-33.6 74.7-74.7 74.7zm146.4-194.3c0 14.9-12 26.8-26.8 26.8-14.9 0-26.8-12-26.8-26.8s12-26.8 26.8-26.8 26.8 12 26.8 26.8zm76.1 27.2c-1.7-35.9-9.9-67.7-36.2-93.9-26.2-26.2-58-34.4-93.9-36.2-37-2.1-147.9-2.1-184.9 0-35.8 1.7-67.6 9.9-93.9 36.1s-34.4 58-36.2 93.9c-2.1 37-2.1 147.9 0 184.9 1.7 35.9 9.9 67.7 36.2 93.9s58 34.4 93.9 36.2c37 2.1 147.9 2.1 184.9 0 35.9-1.7 67.7-9.9 93.9-36.2 26.2-26.2 34.4-58 36.2-93.9 2.1-37 2.1-147.8 0-184.8zM398.8 388c-7.8 19.6-22.9 34.7-42.6 42.6-29.5 11.7-99.5 9-132.1 9s-102.7 2.6-132.1-9c-19.6-7.8-34.7-22.9-42.6-42.6-11.7-29.5-9-99.5-9-132.1s-2.6-102.7 9-132.1c7.8-19.6 22.9-34.7 42.6-42.6 29.5-11.7 99.5-9 132.1-9s102.7-2.6 132.1 9c19.6 7.8 34.7 22.9 42.6 42.6 11.7 29.5 9 99.5 9 132.1s2.7 102.7-9 132.1z\"><\/path><\/svg>\t\t\t\t\t<\/a>\n\t\t\t\t<\/span>\n\t\t\t\t\t<\/div>\n\t\t\t\t\t\t<\/div>\n\t\t\t\t<\/div>\n\t\t\t\t\t<\/div>\n\t\t<\/div>\n\t\t\t\t\t<\/div>\n\t\t<\/section>\n\t\t\t\t\t<\/div>\n\t\t<\/div>\n\t\t\t\t\t<\/div>\n\t\t<\/section>\n\t\t\t\t<\/div>","protected":false},"excerpt":{"rendered":"<p>Biz Kimiz? Homeward Yap\u0131 Sistemleri olarak, s\u00fcrd\u00fcr\u00fclebilir, dayan\u0131kl\u0131 ve yenilik\u00e7i yap\u0131 \u00e7\u00f6z\u00fcmleri sunarak modern ya\u015fam alanlar\u0131n\u0131 yeniden tan\u0131ml\u0131yoruz. 2008 y\u0131l\u0131nda Orca Ekolojik Yap\u0131 olarak sekt\u00f6re ad\u0131m att\u0131k ve o g\u00fcnden bu yana ekolojik, sa\u011flam ve uzun \u00f6m\u00fcrl\u00fc yap\u0131lar \u00fcretme misyonuyla \u00e7al\u0131\u015f\u0131yoruz. Y\u0131llar i\u00e7inde geli\u015ftirdi\u011fimiz 10\u2019dan fazla patentli teknoloji ile sekt\u00f6re y\u00f6n verirken, T\u00fcrkiye\u2019nin ilk Alman [&hellip;]<\/p>","protected":false},"author":1,"featured_media":0,"parent":0,"menu_order":0,"comment_status":"closed","ping_status":"closed","template":"","meta":{"footnotes":""},"class_list":["post-707","page","type-page","status-publish","hentry"],"_links":{"self":[{"href":"https:\/\/homeward.com.tr\/de\/wp-json\/wp\/v2\/pages\/707","targetHints":{"allow":["GET"]}}],"collection":[{"href":"https:\/\/homeward.com.tr\/de\/wp-json\/wp\/v2\/pages"}],"about":[{"href":"https:\/\/homeward.com.tr\/de\/wp-json\/wp\/v2\/types\/page"}],"author":[{"embeddable":true,"href":"https:\/\/homeward.com.tr\/de\/wp-json\/wp\/v2\/users\/1"}],"replies":[{"embeddable":true,"href":"https:\/\/homeward.com.tr\/de\/wp-json\/wp\/v2\/comments?post=707"}],"version-history":[{"count":3,"href":"https:\/\/homeward.com.tr\/de\/wp-json\/wp\/v2\/pages\/707\/revisions"}],"predecessor-version":[{"id":1255,"href":"https:\/\/homeward.com.tr\/de\/wp-json\/wp\/v2\/pages\/707\/revisions\/1255"}],"wp:attachment":[{"href":"https:\/\/homeward.com.tr\/de\/wp-json\/wp\/v2\/media?parent=707"}],"curies":[{"name":"wp","href":"https:\/\/api.w.org\/{rel}","templated":true}]}}